{"id":178,"date":"2021-01-22T01:08:25","date_gmt":"2021-01-22T01:08:25","guid":{"rendered":"https:\/\/fundacionmariasilviaandrade.net\/es\/?page_id=178"},"modified":"2021-01-22T01:08:25","modified_gmt":"2021-01-22T01:08:25","slug":"mision-vision-valores","status":"publish","type":"page","link":"https:\/\/fundacionmariasilviaandrade.net\/es\/mision-vision-valores\/","title":{"rendered":"Misi\u00f3n, visi\u00f3n, valores"},"content":{"rendered":"\n<p class=\"has-drop-cap\">La Fundaci\u00f3n Mar\u00eda Silvia Andrade, es una entidad sin \u00e1nimo de lucro, con alta vocaci\u00f3n de servicio social, que trabaja con amor, valor, respeto, solidaridad en favor de la vida, y los m\u00e1s necesitados, reduciendo las condiciones de vulnerabilidad de los ni\u00f1os, ni\u00f1as, adolescentes, madres cabezas de hogar, persona mayor, en situaci\u00f3n de abandono, desplazados por la violencia, dependencia a sustancias psicoactivas, personas en situaci\u00f3n de discapacidad f\u00edsica y motora, gestionando y adelantando programas de atenci\u00f3n integral en \u00e1reas de asistencia psicosocial, fisioterap\u00e9uticas, seguridad alimentaria, recreaci\u00f3n y deporte, cultura y educaci\u00f3n. Implementando iniciativas de desarrollo econ\u00f3mico para generar bienestar en el corto, mediano y largo plazo. Para el 2020 la Fundaci\u00f3n Mar\u00eda Silvia Andrade, ser\u00e1 reconocida a nivel nacional e internacional como una organizaci\u00f3n de servicio integral l\u00edder en el desarrollo de programas de atenci\u00f3n integral de los ni\u00f1os, ni\u00f1as, adolescentes, madres cabezas de hogar, persona mayor, en situaci\u00f3n de abandono, desplazados por la violencia, dependencia a sustancias psicoactivas, personas en situaci\u00f3n de discapacidad f\u00edsica y motora, implementando estrategias que permitan la construcci\u00f3n de realidades de bienestar para los distintos grupos de beneficiarios que acoja la Fundaci\u00f3n.<\/p>\n","protected":false},"excerpt":{"rendered":"<p>La Fundaci\u00f3n Mar\u00eda Silvia Andrade, es una entidad sin \u00e1nimo de lucro, con alta vocaci\u00f3n de servicio social, que trabaja con amor, valor, respeto, solidaridad en favor de la vida, y los m\u00e1s necesitados, reduciendo las condiciones de vulnerabilidad de los ni\u00f1os, ni\u00f1as, adolescentes, madres cabezas de hogar, persona mayor, en situaci\u00f3n de abandono, desplazados &#8230; <a title=\"Misi\u00f3n, visi\u00f3n, valores\" class=\"read-more\" href=\"https:\/\/fundacionmariasilviaandrade.net\/es\/mision-vision-valores\/\" aria-label=\"Leer m\u00e1s sobre Misi\u00f3n, visi\u00f3n, valores\">Leer m\u00e1s<\/a><\/p>\n","protected":false},"author":1,"featured_media":0,"parent":0,"menu_order":0,"comment_status":"closed","ping_status":"closed","template":"","meta":{"footnotes":""},"class_list":["post-178","page","type-page","status-publish"],"_links":{"self":[{"href":"https:\/\/fundacionmariasilviaandrade.net\/es\/wp-json\/wp\/v2\/pages\/178","targetHints":{"allow":["GET"]}}],"collection":[{"href":"https:\/\/fundacionmariasilviaandrade.net\/es\/wp-json\/wp\/v2\/pages"}],"about":[{"href":"https:\/\/fundacionmariasilviaandrade.net\/es\/wp-json\/wp\/v2\/types\/page"}],"author":[{"embeddable":true,"href":"https:\/\/fundacionmariasilviaandrade.net\/es\/wp-json\/wp\/v2\/users\/1"}],"replies":[{"embeddable":true,"href":"https:\/\/fundacionmariasilviaandrade.net\/es\/wp-json\/wp\/v2\/comments?post=178"}],"version-history":[{"count":1,"href":"https:\/\/fundacionmariasilviaandrade.net\/es\/wp-json\/wp\/v2\/pages\/178\/revisions"}],"predecessor-version":[{"id":179,"href":"https:\/\/fundacionmariasilviaandrade.net\/es\/wp-json\/wp\/v2\/pages\/178\/revisions\/179"}],"wp:attachment":[{"href":"https:\/\/fundacionmariasilviaandrade.net\/es\/wp-json\/wp\/v2\/media?parent=178"}],"curies":[{"name":"wp","href":"https:\/\/api.w.org\/{rel}","templated":true}]}}